{"id":1472,"date":"2022-03-14T19:27:06","date_gmt":"2022-03-14T18:27:06","guid":{"rendered":"https:\/\/www.inbioveg.es\/links-of-interest\/"},"modified":"2024-03-27T12:11:55","modified_gmt":"2024-03-27T11:11:55","slug":"links-of-interest","status":"publish","type":"page","link":"https:\/\/www.inbioveg.es\/en\/links-of-interest\/","title":{"rendered":"Links of interest"},"content":{"rendered":"<p><div class=\"fusion-fullwidth fullwidth-box fusion-builder-row-1 fusion-flex-container fusion-parallax-none nonhundred-percent-fullwidth non-hundred-percent-height-scrolling lazyload fusion-custom-z-index\" style=\"--awb-border-radius-top-left:0px;--awb-border-radius-top-right:0px;--awb-border-radius-bottom-right:0px;--awb-border-radius-bottom-left:0px;--awb-z-index:0;--awb-padding-top:220px;--awb-padding-bottom:220px;--awb-padding-top-small:100px;--awb-padding-bottom-small:100px;--awb-background-image:linear-gradient(180deg, hsla(var(--awb-color3-h),var(--awb-color3-s),calc( var(--awb-color3-l) - 89% ),calc( var(--awb-color3-a) - 5% )) 0%,rgba(255,255,255,0) 92%);;--awb-background-size:cover;--awb-flex-wrap:wrap;\" data-bg=\"https:\/\/www.inbioveg.es\/wp-content\/uploads\/2020\/11\/alt-home-hero-backgroundjpg.jpeg\" data-bg-gradient=\"linear-gradient(180deg, hsla(var(--awb-color3-h),var(--awb-color3-s),calc( var(--awb-color3-l) - 89% ),calc( var(--awb-color3-a) - 5% )) 0%,rgba(255,255,255,0) 92%)\" ><div class=\"fusion-builder-row fusion-row fusion-flex-align-items-flex-start fusion-flex-content-wrap\" style=\"max-width:1248px;margin-left: calc(-4% \/ 2 );margin-right: calc(-4% \/ 2 );\"><div class=\"fusion-layout-column fusion_builder_column fusion-builder-column-0 fusion_builder_column_1_1 1_1 fusion-flex-column\" style=\"--awb-bg-size:cover;--awb-width-large:100%;--awb-margin-top-large:0px;--awb-spacing-right-large:1.92%;--awb-margin-bottom-large:20px;--awb-spacing-left-large:1.92%;--awb-width-medium:100%;--awb-order-medium:0;--awb-spacing-right-medium:1.92%;--awb-spacing-left-medium:1.92%;--awb-width-small:100%;--awb-order-small:0;--awb-spacing-right-small:1.92%;--awb-spacing-left-small:1.92%;\"><div class=\"fusion-column-wrapper fusion-column-has-shadow fusion-flex-justify-content-flex-start fusion-content-layout-column\"><div class=\"fusion-text fusion-text-1\" style=\"--awb-content-alignment:center;--awb-font-size:var(--awb-typography2-font-size);--awb-line-height:var(--awb-typography2-line-height);--awb-letter-spacing:var(--awb-typography2-letter-spacing);--awb-text-transform:var(--awb-typography2-text-transform);--awb-text-color:var(--awb-color1);--awb-text-font-family:var(--awb-typography2-font-family);--awb-text-font-weight:var(--awb-typography2-font-weight);--awb-text-font-style:var(--awb-typography2-font-style);\"><p>More information<\/p>\n<\/div><div class=\"fusion-title title fusion-title-1 fusion-sep-none fusion-title-center fusion-title-text fusion-title-size-one\" style=\"--awb-text-color:var(--awb-color1);--awb-margin-top:-20px;--awb-margin-bottom:20px;--awb-font-size:60px;\"><h1 class=\"fusion-title-heading title-heading-center\" style=\"margin:0;font-size:1em;text-transform:capitalize;line-height:1em;\">Links of interest<\/h1><\/div><\/div><\/div><\/div><\/div><div class=\"fusion-fullwidth fullwidth-box fusion-builder-row-2 fusion-flex-container nonhundred-percent-fullwidth non-hundred-percent-height-scrolling\" style=\"--awb-border-radius-top-left:0px;--awb-border-radius-top-right:0px;--awb-border-radius-bottom-right:0px;--awb-border-radius-bottom-left:0px;--awb-flex-wrap:wrap;\" ><div class=\"fusion-builder-row fusion-row fusion-flex-align-items-flex-start fusion-flex-content-wrap\" style=\"max-width:1248px;margin-left: calc(-4% \/ 2 );margin-right: calc(-4% \/ 2 );\"><div class=\"fusion-layout-column fusion_builder_column fusion-builder-column-1 fusion_builder_column_1_1 1_1 fusion-flex-column\" style=\"--awb-bg-size:cover;--awb-width-large:100%;--awb-margin-top-large:0px;--awb-spacing-right-large:1.92%;--awb-margin-bottom-large:20px;--awb-spacing-left-large:1.92%;--awb-width-medium:100%;--awb-order-medium:0;--awb-spacing-right-medium:1.92%;--awb-spacing-left-medium:1.92%;--awb-width-small:100%;--awb-order-small:0;--awb-spacing-right-small:1.92%;--awb-spacing-left-small:1.92%;\"><div class=\"fusion-column-wrapper fusion-column-has-shadow fusion-flex-justify-content-flex-start fusion-content-layout-column\"><ul style=\"--awb-line-height:23.8px;--awb-icon-width:23.8px;--awb-icon-height:23.8px;--awb-icon-margin:9.8px;--awb-content-margin:33.6px;\" class=\"fusion-checklist fusion-checklist-1 fusion-checklist-default fusion-checklist-divider type-icons\"><\/ul><\/div><\/div><\/div><\/div><\/p>\n","protected":false},"excerpt":{"rendered":"","protected":false},"author":1,"featured_media":0,"parent":0,"menu_order":0,"comment_status":"closed","ping_status":"closed","template":"100-width.php","meta":{"footnotes":""},"class_list":["post-1472","page","type-page","status-publish","hentry"],"yoast_head":"<!-- This site is optimized with the Yoast SEO plugin v26.4 - https:\/\/yoast.com\/wordpress\/plugins\/seo\/ -->\n<title>Links of interest - Grupo Oprativo Ingredientes Bioactivos Vegetales<\/title>\n<meta name=\"robots\" content=\"index, follow, max-snippet:-1, max-image-preview:large, max-video-preview:-1\" \/>\n<link rel=\"canonical\" href=\"https:\/\/www.inbioveg.es\/en\/links-of-interest\/\" \/>\n<meta property=\"og:locale\" content=\"en_US\" \/>\n<meta property=\"og:type\" content=\"article\" \/>\n<meta property=\"og:title\" content=\"Links of interest - Grupo Oprativo Ingredientes Bioactivos Vegetales\" \/>\n<meta property=\"og:url\" content=\"https:\/\/www.inbioveg.es\/en\/links-of-interest\/\" \/>\n<meta property=\"og:site_name\" content=\"Grupo Oprativo Ingredientes Bioactivos Vegetales\" \/>\n<meta property=\"article:modified_time\" content=\"2024-03-27T11:11:55+00:00\" \/>\n<meta name=\"twitter:card\" content=\"summary_large_image\" \/>\n<meta name=\"twitter:label1\" content=\"Est. reading time\" \/>\n\t<meta name=\"twitter:data1\" content=\"7 minutes\" \/>\n<script type=\"application\/ld+json\" class=\"yoast-schema-graph\">{\"@context\":\"https:\/\/schema.org\",\"@graph\":[{\"@type\":\"WebPage\",\"@id\":\"https:\/\/www.inbioveg.es\/en\/links-of-interest\/\",\"url\":\"https:\/\/www.inbioveg.es\/en\/links-of-interest\/\",\"name\":\"Links of interest - Grupo Oprativo Ingredientes Bioactivos Vegetales\",\"isPartOf\":{\"@id\":\"https:\/\/www.inbioveg.es\/#website\"},\"datePublished\":\"2022-03-14T18:27:06+00:00\",\"dateModified\":\"2024-03-27T11:11:55+00:00\",\"breadcrumb\":{\"@id\":\"https:\/\/www.inbioveg.es\/en\/links-of-interest\/#breadcrumb\"},\"inLanguage\":\"en-US\",\"potentialAction\":[{\"@type\":\"ReadAction\",\"target\":[\"https:\/\/www.inbioveg.es\/en\/links-of-interest\/\"]}]},{\"@type\":\"BreadcrumbList\",\"@id\":\"https:\/\/www.inbioveg.es\/en\/links-of-interest\/#breadcrumb\",\"itemListElement\":[{\"@type\":\"ListItem\",\"position\":1,\"name\":\"Portada\",\"item\":\"https:\/\/www.inbioveg.es\/en\/home\/\"},{\"@type\":\"ListItem\",\"position\":2,\"name\":\"Links of interest\"}]},{\"@type\":\"WebSite\",\"@id\":\"https:\/\/www.inbioveg.es\/#website\",\"url\":\"https:\/\/www.inbioveg.es\/\",\"name\":\"Grupo Oprativo Ingredientes Bioactivos Vegetales\",\"description\":\"Implementaci\u00f3n personalizada de plataformas de producci\u00f3n de compuestos de alto valor a\u00f1adido en plantas.\",\"potentialAction\":[{\"@type\":\"SearchAction\",\"target\":{\"@type\":\"EntryPoint\",\"urlTemplate\":\"https:\/\/www.inbioveg.es\/?s={search_term_string}\"},\"query-input\":{\"@type\":\"PropertyValueSpecification\",\"valueRequired\":true,\"valueName\":\"search_term_string\"}}],\"inLanguage\":\"en-US\"}]}<\/script>\n<!-- \/ Yoast SEO plugin. -->","yoast_head_json":{"title":"Links of interest - Grupo Oprativo Ingredientes Bioactivos Vegetales","robots":{"index":"index","follow":"follow","max-snippet":"max-snippet:-1","max-image-preview":"max-image-preview:large","max-video-preview":"max-video-preview:-1"},"canonical":"https:\/\/www.inbioveg.es\/en\/links-of-interest\/","og_locale":"en_US","og_type":"article","og_title":"Links of interest - Grupo Oprativo Ingredientes Bioactivos Vegetales","og_url":"https:\/\/www.inbioveg.es\/en\/links-of-interest\/","og_site_name":"Grupo Oprativo Ingredientes Bioactivos Vegetales","article_modified_time":"2024-03-27T11:11:55+00:00","twitter_card":"summary_large_image","twitter_misc":{"Est. reading time":"7 minutes"},"schema":{"@context":"https:\/\/schema.org","@graph":[{"@type":"WebPage","@id":"https:\/\/www.inbioveg.es\/en\/links-of-interest\/","url":"https:\/\/www.inbioveg.es\/en\/links-of-interest\/","name":"Links of interest - Grupo Oprativo Ingredientes Bioactivos Vegetales","isPartOf":{"@id":"https:\/\/www.inbioveg.es\/#website"},"datePublished":"2022-03-14T18:27:06+00:00","dateModified":"2024-03-27T11:11:55+00:00","breadcrumb":{"@id":"https:\/\/www.inbioveg.es\/en\/links-of-interest\/#breadcrumb"},"inLanguage":"en-US","potentialAction":[{"@type":"ReadAction","target":["https:\/\/www.inbioveg.es\/en\/links-of-interest\/"]}]},{"@type":"BreadcrumbList","@id":"https:\/\/www.inbioveg.es\/en\/links-of-interest\/#breadcrumb","itemListElement":[{"@type":"ListItem","position":1,"name":"Portada","item":"https:\/\/www.inbioveg.es\/en\/home\/"},{"@type":"ListItem","position":2,"name":"Links of interest"}]},{"@type":"WebSite","@id":"https:\/\/www.inbioveg.es\/#website","url":"https:\/\/www.inbioveg.es\/","name":"Grupo Oprativo Ingredientes Bioactivos Vegetales","description":"Implementaci\u00f3n personalizada de plataformas de producci\u00f3n de compuestos de alto valor a\u00f1adido en plantas.","potentialAction":[{"@type":"SearchAction","target":{"@type":"EntryPoint","urlTemplate":"https:\/\/www.inbioveg.es\/?s={search_term_string}"},"query-input":{"@type":"PropertyValueSpecification","valueRequired":true,"valueName":"search_term_string"}}],"inLanguage":"en-US"}]}},"_links":{"self":[{"href":"https:\/\/www.inbioveg.es\/en\/wp-json\/wp\/v2\/pages\/1472","targetHints":{"allow":["GET"]}}],"collection":[{"href":"https:\/\/www.inbioveg.es\/en\/wp-json\/wp\/v2\/pages"}],"about":[{"href":"https:\/\/www.inbioveg.es\/en\/wp-json\/wp\/v2\/types\/page"}],"author":[{"embeddable":true,"href":"https:\/\/www.inbioveg.es\/en\/wp-json\/wp\/v2\/users\/1"}],"replies":[{"embeddable":true,"href":"https:\/\/www.inbioveg.es\/en\/wp-json\/wp\/v2\/comments?post=1472"}],"version-history":[{"count":7,"href":"https:\/\/www.inbioveg.es\/en\/wp-json\/wp\/v2\/pages\/1472\/revisions"}],"predecessor-version":[{"id":1725,"href":"https:\/\/www.inbioveg.es\/en\/wp-json\/wp\/v2\/pages\/1472\/revisions\/1725"}],"wp:attachment":[{"href":"https:\/\/www.inbioveg.es\/en\/wp-json\/wp\/v2\/media?parent=1472"}],"curies":[{"name":"wp","href":"https:\/\/api.w.org\/{rel}","templated":true}]}}